{"id":614,"date":"2023-11-07T21:54:54","date_gmt":"2023-11-07T21:54:54","guid":{"rendered":"https:\/\/hotelstadarborg.is\/?page_id=614"},"modified":"2023-12-21T13:36:44","modified_gmt":"2023-12-21T13:36:44","slug":"book-now","status":"publish","type":"page","link":"https:\/\/hotelstadarborg.is\/index.php\/book-now\/","title":{"rendered":"Book now"},"content":{"rendered":"<p>[et_pb_section fb_built=&#8221;1&#8243; _builder_version=&#8221;4.23.1&#8243; _module_preset=&#8221;default&#8221; background_color=&#8221;#EDEDED&#8221; global_colors_info=&#8221;{}&#8221;][et_pb_row _builder_version=&#8221;4.23.1&#8243; _module_preset=&#8221;default&#8221; global_colors_info=&#8221;{}&#8221;][et_pb_column type=&#8221;4_4&#8243; _builder_version=&#8221;4.23.1&#8243; _module_preset=&#8221;default&#8221; global_colors_info=&#8221;{}&#8221;][et_pb_text _builder_version=&#8221;4.23.1&#8243; _module_preset=&#8221;default&#8221; header_text_align=&#8221;center&#8221; header_font_size=&#8221;44px&#8221; text_orientation=&#8221;center&#8221; hover_enabled=&#8221;0&#8243; global_colors_info=&#8221;{}&#8221; header_font=&#8221;|700|||||||&#8221; header_text_color=&#8221;#444444&#8243; sticky_enabled=&#8221;0&#8243; text_font_size_last_edited=&#8221;on|phone&#8221; text_font_size_phone=&#8221;18px&#8221;]<\/p>\n<h1>Book now<\/h1>\n<p>H\u00f3tel Sta\u00f0arborg offers comfortable accommodation in a country hotel in Brei\u00f0dalsv\u00edk, East Iceland.<br \/>Single rooms, double rooms, twin rooms, family rooms, and even Chalets. Make your booking right now.<\/p>\n<p>[\/et_pb_text][\/et_pb_column][\/et_pb_row][\/et_pb_section][et_pb_section fb_built=&#8221;1&#8243; _builder_version=&#8221;4.23.1&#8243; _module_preset=&#8221;default&#8221; background_color=&#8221;#EDEDED&#8221; custom_padding=&#8221;0px||0px||false|false&#8221; global_colors_info=&#8221;{}&#8221;][et_pb_row _builder_version=&#8221;4.23.1&#8243; _module_preset=&#8221;default&#8221; width=&#8221;100%&#8221; max_width=&#8221;100%&#8221; custom_padding=&#8221;0px||0px||false|false&#8221; global_colors_info=&#8221;{}&#8221;][et_pb_column type=&#8221;4_4&#8243; _builder_version=&#8221;4.23.1&#8243; _module_preset=&#8221;default&#8221; global_colors_info=&#8221;{}&#8221;][et_pb_code _builder_version=&#8221;4.23.1&#8243; _module_preset=&#8221;default&#8221; text_orientation=&#8221;center&#8221; global_colors_info=&#8221;{}&#8221;]<iframe src =\"https:\/\/property.godo.is\/booking2.php?propid=71496&#038;referer=iframe\" width=\"100%\" height=\"4000\" style=\"max-width:100%;border:none;overflow:auto;\"><pee><a href=\"https:\/\/property.godo.is\/booking2.php?propid=71496&#038;referer=iframe\" title=\"Book Now\">Book Now<\/a><\/pee><\/iframe>[\/et_pb_code][\/et_pb_column][\/et_pb_row][\/et_pb_section]<\/p>\n","protected":false},"excerpt":{"rendered":"<p>Book now H\u00f3tel Sta\u00f0arborg offers comfortable accommodation in a country hotel in Brei\u00f0dalsv\u00edk, East Iceland.Single rooms, double rooms, twin rooms, family rooms, and even Chalets. Make your booking right now.<\/p>\n","protected":false},"author":1,"featured_media":0,"parent":0,"menu_order":0,"comment_status":"closed","ping_status":"closed","template":"","meta":{"_et_pb_use_builder":"on","_et_pb_old_content":"","_et_gb_content_width":"","footnotes":""},"class_list":["post-614","page","type-page","status-publish","hentry"],"yoast_head":"<!-- This site is optimized with the Yoast SEO plugin v27.3 - https:\/\/yoast.com\/product\/yoast-seo-wordpress\/ -->\n<title>Book now - H\u00f3tel Sta\u00f0arborg<\/title>\n<meta name=\"description\" content=\"Book now at a comfortable country hotel in East Iceland, in Brei\u00f0dalsv\u00edk. H\u00f3tel Sta\u00f0arborg welcomes you in the great nature.\" \/>\n<meta name=\"robots\" content=\"index, follow, max-snippet:-1, max-image-preview:large, max-video-preview:-1\" \/>\n<link rel=\"canonical\" href=\"https:\/\/hotelstadarborg.is\/index.php\/book-now\/\" \/>\n<meta property=\"og:locale\" content=\"en_US\" \/>\n<meta property=\"og:type\" content=\"article\" \/>\n<meta property=\"og:title\" content=\"Book now - H\u00f3tel Sta\u00f0arborg\" \/>\n<meta property=\"og:description\" content=\"Book now at a comfortable country hotel in East Iceland, in Brei\u00f0dalsv\u00edk. H\u00f3tel Sta\u00f0arborg welcomes you in the great nature.\" \/>\n<meta property=\"og:url\" content=\"https:\/\/hotelstadarborg.is\/index.php\/book-now\/\" \/>\n<meta property=\"og:site_name\" content=\"H\u00f3tel Sta\u00f0arborg\" \/>\n<meta property=\"article:publisher\" content=\"https:\/\/www.facebook.com\/pages\/Htel-Staarborg\/2229623003958243\" \/>\n<meta property=\"article:modified_time\" content=\"2023-12-21T13:36:44+00:00\" \/>\n<meta name=\"twitter:card\" content=\"summary_large_image\" \/>\n<meta name=\"twitter:label1\" content=\"Est. reading time\" \/>\n\t<meta name=\"twitter:data1\" content=\"1 minute\" \/>\n<script type=\"application\/ld+json\" class=\"yoast-schema-graph\">{\"@context\":\"https:\\\/\\\/schema.org\",\"@graph\":[{\"@type\":\"WebPage\",\"@id\":\"https:\\\/\\\/hotelstadarborg.is\\\/index.php\\\/book-now\\\/\",\"url\":\"https:\\\/\\\/hotelstadarborg.is\\\/index.php\\\/book-now\\\/\",\"name\":\"Book now - H\u00f3tel Sta\u00f0arborg\",\"isPartOf\":{\"@id\":\"https:\\\/\\\/hotelstadarborg.is\\\/#website\"},\"datePublished\":\"2023-11-07T21:54:54+00:00\",\"dateModified\":\"2023-12-21T13:36:44+00:00\",\"description\":\"Book now at a comfortable country hotel in East Iceland, in Brei\u00f0dalsv\u00edk. H\u00f3tel Sta\u00f0arborg welcomes you in the great nature.\",\"breadcrumb\":{\"@id\":\"https:\\\/\\\/hotelstadarborg.is\\\/index.php\\\/book-now\\\/#breadcrumb\"},\"inLanguage\":\"en-US\",\"potentialAction\":[{\"@type\":\"ReadAction\",\"target\":[\"https:\\\/\\\/hotelstadarborg.is\\\/index.php\\\/book-now\\\/\"]}]},{\"@type\":\"BreadcrumbList\",\"@id\":\"https:\\\/\\\/hotelstadarborg.is\\\/index.php\\\/book-now\\\/#breadcrumb\",\"itemListElement\":[{\"@type\":\"ListItem\",\"position\":1,\"name\":\"Home\",\"item\":\"https:\\\/\\\/hotelstadarborg.is\\\/\"},{\"@type\":\"ListItem\",\"position\":2,\"name\":\"Book now\"}]},{\"@type\":\"WebSite\",\"@id\":\"https:\\\/\\\/hotelstadarborg.is\\\/#website\",\"url\":\"https:\\\/\\\/hotelstadarborg.is\\\/\",\"name\":\"H\u00f3tel Sta\u00f0arborg\",\"description\":\"Country acommodation in Brei\u00f0dalsv\u00edk, East Iceland\",\"publisher\":{\"@id\":\"https:\\\/\\\/hotelstadarborg.is\\\/#organization\"},\"potentialAction\":[{\"@type\":\"SearchAction\",\"target\":{\"@type\":\"EntryPoint\",\"urlTemplate\":\"https:\\\/\\\/hotelstadarborg.is\\\/?s={search_term_string}\"},\"query-input\":{\"@type\":\"PropertyValueSpecification\",\"valueRequired\":true,\"valueName\":\"search_term_string\"}}],\"inLanguage\":\"en-US\"},{\"@type\":\"Organization\",\"@id\":\"https:\\\/\\\/hotelstadarborg.is\\\/#organization\",\"name\":\"H\u00f3tel Sta\u00f0arborg\",\"url\":\"https:\\\/\\\/hotelstadarborg.is\\\/\",\"logo\":{\"@type\":\"ImageObject\",\"inLanguage\":\"en-US\",\"@id\":\"https:\\\/\\\/hotelstadarborg.is\\\/#\\\/schema\\\/logo\\\/image\\\/\",\"url\":\"https:\\\/\\\/hotelstadarborg.is\\\/wp-content\\\/uploads\\\/2023\\\/03\\\/Logo-Final-File-01-1.png\",\"contentUrl\":\"https:\\\/\\\/hotelstadarborg.is\\\/wp-content\\\/uploads\\\/2023\\\/03\\\/Logo-Final-File-01-1.png\",\"width\":1052,\"height\":651,\"caption\":\"H\u00f3tel Sta\u00f0arborg\"},\"image\":{\"@id\":\"https:\\\/\\\/hotelstadarborg.is\\\/#\\\/schema\\\/logo\\\/image\\\/\"},\"sameAs\":[\"https:\\\/\\\/www.facebook.com\\\/pages\\\/Htel-Staarborg\\\/2229623003958243\",\"https:\\\/\\\/www.instagram.com\\\/hotelstadarborg\\\/\"]}]}<\/script>\n<!-- \/ Yoast SEO plugin. -->","yoast_head_json":{"title":"Book now - H\u00f3tel Sta\u00f0arborg","description":"Book now at a comfortable country hotel in East Iceland, in Brei\u00f0dalsv\u00edk. H\u00f3tel Sta\u00f0arborg welcomes you in the great nature.","robots":{"index":"index","follow":"follow","max-snippet":"max-snippet:-1","max-image-preview":"max-image-preview:large","max-video-preview":"max-video-preview:-1"},"canonical":"https:\/\/hotelstadarborg.is\/index.php\/book-now\/","og_locale":"en_US","og_type":"article","og_title":"Book now - H\u00f3tel Sta\u00f0arborg","og_description":"Book now at a comfortable country hotel in East Iceland, in Brei\u00f0dalsv\u00edk. H\u00f3tel Sta\u00f0arborg welcomes you in the great nature.","og_url":"https:\/\/hotelstadarborg.is\/index.php\/book-now\/","og_site_name":"H\u00f3tel Sta\u00f0arborg","article_publisher":"https:\/\/www.facebook.com\/pages\/Htel-Staarborg\/2229623003958243","article_modified_time":"2023-12-21T13:36:44+00:00","twitter_card":"summary_large_image","twitter_misc":{"Est. reading time":"1 minute"},"schema":{"@context":"https:\/\/schema.org","@graph":[{"@type":"WebPage","@id":"https:\/\/hotelstadarborg.is\/index.php\/book-now\/","url":"https:\/\/hotelstadarborg.is\/index.php\/book-now\/","name":"Book now - H\u00f3tel Sta\u00f0arborg","isPartOf":{"@id":"https:\/\/hotelstadarborg.is\/#website"},"datePublished":"2023-11-07T21:54:54+00:00","dateModified":"2023-12-21T13:36:44+00:00","description":"Book now at a comfortable country hotel in East Iceland, in Brei\u00f0dalsv\u00edk. H\u00f3tel Sta\u00f0arborg welcomes you in the great nature.","breadcrumb":{"@id":"https:\/\/hotelstadarborg.is\/index.php\/book-now\/#breadcrumb"},"inLanguage":"en-US","potentialAction":[{"@type":"ReadAction","target":["https:\/\/hotelstadarborg.is\/index.php\/book-now\/"]}]},{"@type":"BreadcrumbList","@id":"https:\/\/hotelstadarborg.is\/index.php\/book-now\/#breadcrumb","itemListElement":[{"@type":"ListItem","position":1,"name":"Home","item":"https:\/\/hotelstadarborg.is\/"},{"@type":"ListItem","position":2,"name":"Book now"}]},{"@type":"WebSite","@id":"https:\/\/hotelstadarborg.is\/#website","url":"https:\/\/hotelstadarborg.is\/","name":"H\u00f3tel Sta\u00f0arborg","description":"Country acommodation in Brei\u00f0dalsv\u00edk, East Iceland","publisher":{"@id":"https:\/\/hotelstadarborg.is\/#organization"},"potentialAction":[{"@type":"SearchAction","target":{"@type":"EntryPoint","urlTemplate":"https:\/\/hotelstadarborg.is\/?s={search_term_string}"},"query-input":{"@type":"PropertyValueSpecification","valueRequired":true,"valueName":"search_term_string"}}],"inLanguage":"en-US"},{"@type":"Organization","@id":"https:\/\/hotelstadarborg.is\/#organization","name":"H\u00f3tel Sta\u00f0arborg","url":"https:\/\/hotelstadarborg.is\/","logo":{"@type":"ImageObject","inLanguage":"en-US","@id":"https:\/\/hotelstadarborg.is\/#\/schema\/logo\/image\/","url":"https:\/\/hotelstadarborg.is\/wp-content\/uploads\/2023\/03\/Logo-Final-File-01-1.png","contentUrl":"https:\/\/hotelstadarborg.is\/wp-content\/uploads\/2023\/03\/Logo-Final-File-01-1.png","width":1052,"height":651,"caption":"H\u00f3tel Sta\u00f0arborg"},"image":{"@id":"https:\/\/hotelstadarborg.is\/#\/schema\/logo\/image\/"},"sameAs":["https:\/\/www.facebook.com\/pages\/Htel-Staarborg\/2229623003958243","https:\/\/www.instagram.com\/hotelstadarborg\/"]}]}},"_links":{"self":[{"href":"https:\/\/hotelstadarborg.is\/index.php\/wp-json\/wp\/v2\/pages\/614","targetHints":{"allow":["GET"]}}],"collection":[{"href":"https:\/\/hotelstadarborg.is\/index.php\/wp-json\/wp\/v2\/pages"}],"about":[{"href":"https:\/\/hotelstadarborg.is\/index.php\/wp-json\/wp\/v2\/types\/page"}],"author":[{"embeddable":true,"href":"https:\/\/hotelstadarborg.is\/index.php\/wp-json\/wp\/v2\/users\/1"}],"replies":[{"embeddable":true,"href":"https:\/\/hotelstadarborg.is\/index.php\/wp-json\/wp\/v2\/comments?post=614"}],"version-history":[{"count":9,"href":"https:\/\/hotelstadarborg.is\/index.php\/wp-json\/wp\/v2\/pages\/614\/revisions"}],"predecessor-version":[{"id":737,"href":"https:\/\/hotelstadarborg.is\/index.php\/wp-json\/wp\/v2\/pages\/614\/revisions\/737"}],"wp:attachment":[{"href":"https:\/\/hotelstadarborg.is\/index.php\/wp-json\/wp\/v2\/media?parent=614"}],"curies":[{"name":"wp","href":"https:\/\/api.w.org\/{rel}","templated":true}]}}